{"id":1619,"date":"2025-08-28T13:08:37","date_gmt":"2025-08-28T13:08:37","guid":{"rendered":"https:\/\/morn.travelblox.eu\/?page_id=1619"},"modified":"2026-02-13T10:09:44","modified_gmt":"2026-02-13T10:09:44","slug":"about-us","status":"publish","type":"page","link":"https:\/\/morn.travelblox.eu\/de\/about-us\/","title":{"rendered":"\u00dcber uns"},"content":{"rendered":"<div class=\"tb-quoteparallax tb-block align-center background-dark pattern-none variant-text_on_image\" id=\"quoteparallax\" style=\"background-image: url('https:\/\/morn.travelblox.eu\/wp-content\/uploads\/sites\/77\/2025\/08\/MORN_AboutUsHeader.jpg');\">\n\t\t<div class=\"inner-block tb-fade-in tb-fade-in--subtle\">\n\t\t\t\t\t<div class=\"text-part\">\n\t\t\t\t<h2><\/h2>\n\t\t\t\t\t\t<div class=\"translation-block\"><p>Morocco Nomads ist ein 7-t\u00e4giges Abenteuer, das sorgf\u00e4ltig von <strong>einem Team von Reisenden, Abenteurern und leidenschaftlichen Einheimischen<\/strong> zusammengestellt wurde, die alle eines gemeinsam haben: eine unbestreitbare Liebe zu Marokko. Wir haben unsere Erfahrungen geb\u00fcndelt, um die perfekte Reiseroute f\u00fcr dich zu erstellen. Von den Highlights bis zu versteckten Sch\u00e4tzen und allem, was dazwischen liegt, kennen wir das Reiseziel in- und auswendig und freuen uns darauf, dich auf Erkundungstour mitzunehmen...<\/p><\/div>\n\t\t\t\t\t\t\t\t<\/div>\n\t\t\t\t\t<\/div>\n<\/div>\n\n\n\n<div class=\"tb-team tb-block align-center background-light pattern-none variant-none tb-collapsible-margins\" id=\"team\">\n\t<div class=\"inner-block tb-fade-in tb-fade-in--subtle\">\n\t\t<div class=\"text-part\">\n\t\t\t<h2>Lerne das Team von Morocco Nomads kennen.<\/h2>\n\t\t\t\t\t<div class=\"translation-block\"><p>Neugierig, die Gesichter hinter dem Team der Morocco Nomads kennenzulernen? Erfahre mehr \u00fcber jeden unserer Reiseexperten.<\/p><\/div>\n\t\t\t<\/div>\n\t<\/div>\n\t\t\t\t\t<div class=\"inner-block-full-width has-tb-carousel\" >\n\t\t\t<div class=\"tb-carousel-container\">\n\t\t\t\t<div class=\"entries tb-cards\" data-slider-first=\"1\">\n\t\t\t\t\t\t\t\t\t<div class=\"tb-card entry\" style=\"background-image: url('https:\/\/morn.travelblox.eu\/wp-content\/uploads\/sites\/77\/2025\/08\/MORN-Sam-819x1024.jpg')\">\n\t\t\t\t<label for=\"tb-team-read-more-block_s77__p1619__team-0\" class=\"tb-team__card-label\">\n\t\t\t\t\t<div class=\"overlay\"><\/div>\n\t\t\t\t\t<div class=\"overlay overlay--extra\"><\/div>\n\t\t\t\t\t<div class=\"content\">\n\t\t\t\t\t\t<div class=\"tb-team__card-titles\">\n\t\t\t\t\t\t\t<h3>Sam<\/h3>\n\t\t\t\t\t\t\t\t\t\t\t\t\t\t\t<p>verantwortlich f\u00fcr die praktische Organisation<\/p>\n\t\t\t\t\t\t\t\t\t\t\t\t\t<\/div>\n\t\t\t\t\t\t\t\t\t\t\t<\/div>\n\t\t\t\t\t<input type=\"checkbox\" class=\"tb-team__card-checkbox\" id=\"tb-team-read-more-block_s77__p1619__team-0\">\n\t\t\t\t<\/label>\n\t\t\t<\/div>\n\t\t\t\t\t<div class=\"tb-card entry\" style=\"background-image: url('https:\/\/morn.travelblox.eu\/wp-content\/uploads\/sites\/77\/2025\/08\/MORN-Clara-819x1024.jpg')\">\n\t\t\t\t<label for=\"tb-team-read-more-block_s77__p1619__team-1\" class=\"tb-team__card-label\">\n\t\t\t\t\t<div class=\"overlay\"><\/div>\n\t\t\t\t\t<div class=\"overlay overlay--extra\"><\/div>\n\t\t\t\t\t<div class=\"content\">\n\t\t\t\t\t\t<div class=\"tb-team__card-titles\">\n\t\t\t\t\t\t\t<h3>Clara<\/h3>\n\t\t\t\t\t\t\t\t\t\t\t\t\t\t\t<p>da, um all deine Fragen zu beantworten<\/p>\n\t\t\t\t\t\t\t\t\t\t\t\t\t<\/div>\n\t\t\t\t\t\t\t\t\t\t\t<\/div>\n\t\t\t\t\t<input type=\"checkbox\" class=\"tb-team__card-checkbox\" id=\"tb-team-read-more-block_s77__p1619__team-1\">\n\t\t\t\t<\/label>\n\t\t\t<\/div>\n\t\t\t\t\t<div class=\"tb-card entry\" style=\"background-image: url('https:\/\/morn.travelblox.eu\/wp-content\/uploads\/sites\/77\/2025\/08\/MORN-Caro-819x1024.jpg')\">\n\t\t\t\t<label for=\"tb-team-read-more-block_s77__p1619__team-2\" class=\"tb-team__card-label\">\n\t\t\t\t\t<div class=\"overlay\"><\/div>\n\t\t\t\t\t<div class=\"overlay overlay--extra\"><\/div>\n\t\t\t\t\t<div class=\"content\">\n\t\t\t\t\t\t<div class=\"tb-team__card-titles\">\n\t\t\t\t\t\t\t<h3>Caroline<\/h3>\n\t\t\t\t\t\t\t\t\t\t\t\t\t\t\t<p>da, um all deine Fragen zu beantworten<\/p>\n\t\t\t\t\t\t\t\t\t\t\t\t\t<\/div>\n\t\t\t\t\t\t\t\t\t\t\t<\/div>\n\t\t\t\t\t<input type=\"checkbox\" class=\"tb-team__card-checkbox\" id=\"tb-team-read-more-block_s77__p1619__team-2\">\n\t\t\t\t<\/label>\n\t\t\t<\/div>\n\t\t\t\t\t<div class=\"tb-card entry\" style=\"background-image: url('https:\/\/morn.travelblox.eu\/wp-content\/uploads\/sites\/77\/2025\/08\/MORN-Malou-819x1024.jpg')\">\n\t\t\t\t<label for=\"tb-team-read-more-block_s77__p1619__team-3\" class=\"tb-team__card-label\">\n\t\t\t\t\t<div class=\"overlay\"><\/div>\n\t\t\t\t\t<div class=\"overlay overlay--extra\"><\/div>\n\t\t\t\t\t<div class=\"content\">\n\t\t\t\t\t\t<div class=\"tb-team__card-titles\">\n\t\t\t\t\t\t\t<h3>Malou<\/h3>\n\t\t\t\t\t\t\t\t\t\t\t\t\t\t\t<p>sorgt f\u00fcr die Kommunikation<\/p>\n\t\t\t\t\t\t\t\t\t\t\t\t\t<\/div>\n\t\t\t\t\t\t\t\t\t\t\t<\/div>\n\t\t\t\t\t<input type=\"checkbox\" class=\"tb-team__card-checkbox\" id=\"tb-team-read-more-block_s77__p1619__team-3\">\n\t\t\t\t<\/label>\n\t\t\t<\/div>\n\t\t\t\t\t<div class=\"tb-card entry\" style=\"background-image: url('https:\/\/morn.travelblox.eu\/wp-content\/uploads\/sites\/77\/2025\/11\/TeamPicsTBWebsite-2-819x1024.jpg')\">\n\t\t\t\t<label for=\"tb-team-read-more-block_s77__p1619__team-4\" class=\"tb-team__card-label\">\n\t\t\t\t\t<div class=\"overlay\"><\/div>\n\t\t\t\t\t<div class=\"overlay overlay--extra\"><\/div>\n\t\t\t\t\t<div class=\"content\">\n\t\t\t\t\t\t<div class=\"tb-team__card-titles\">\n\t\t\t\t\t\t\t<h3>Lara<\/h3>\n\t\t\t\t\t\t\t\t\t\t\t\t\t\t\t<p>da, um all deine Fragen zu beantworten<\/p>\n\t\t\t\t\t\t\t\t\t\t\t\t\t<\/div>\n\t\t\t\t\t\t\t\t\t\t\t<\/div>\n\t\t\t\t\t<input type=\"checkbox\" class=\"tb-team__card-checkbox\" id=\"tb-team-read-more-block_s77__p1619__team-4\">\n\t\t\t\t<\/label>\n\t\t\t<\/div>\n\t\t\t\t\t\t\t\t<\/div>\n\t\t\t\t\t\t<div class=\"tb-carousel-nav\">\n\t\t\t<div class=\"dots\">\n\t\t\t\t<div class=\"dot active\"><\/div>\n\t\t\t\t<div class=\"dot\"><\/div>\n\t\t\t\t<div class=\"dot\"><\/div>\n\t\t\t<\/div>\n\t\t\t<div class=\"arrows\">\n\t\t\t\t<div class=\"prev disabled\">\n\t\t\t\t\t<span><i class=\"fa fa-chevron-left\"><\/i><\/span>\n\t\t\t\t<\/div>\n\t\t\t\t<div class=\"next\">\n\t\t\t\t\t<span><i class=\"fa fa-chevron-right\"><\/i><\/span>\n\t\t\t\t<\/div>\n\t\t\t<\/div>\n\t\t<\/div>\n\t\t\t\t<\/div>\n\t\t<\/div>\n\t\t\t\t\t<div class=\"tb-team__extra inner-block tb-fade-in tb-fade-in--subtle\">\n\t\t\t<div class=\"text-part\">\n\t\t\t\t<h3>Eine Frage zu deiner Reise?<\/h3>\n\t\t\t\t\t\t<div class=\"translation-block\"><p>Z\u00f6gere nicht, uns <a href=\"https:\/\/morn.travelblox.eu\/de\/contact\/\" target=\"_blank\" rel=\"noopener\">zu kontaktieren<\/a>, wir helfen dir gerne weiter.<\/p><\/div>\n\t\t\t\t\t<div class=\"tb-buttons-part\">\n\t\t\t\t\t\t\t\t\t<\/div>\n\t\t\t<\/div>\n\t\t<\/div>\n\t<\/div>\n\n\n\n\n<div class=\"tb-colcompare tb-block align-center background-light pattern-none variant-cards tb-collapsible-margins\" id=\"colcompare\">\n\t<div class=\"inner-block tb-fade-in tb-fade-in--subtle\">\n\t\t<div class=\"text-part\">\n\t\t\t<h2>Warum eine Rundreise mit Morocco Nomads w\u00e4hlen?<\/h2>\n\t\t\t\t\t<div class=\"translation-block\"><\/div>\n\t\t\t<\/div>\n\t<\/div>\n\t\t\t\t\t<div class=\"inner-block-full-width has-tb-carousel tb-justified\" >\n\t\t\t<div class=\"tb-carousel-container\">\n\t\t\t\t<div class=\"entries tb-cards\" data-slider-first=\"1\">\n\t\t\t\t\t\t\t\t\t<div class=\"tb-card entry tb-fade-in tb-fade-in--subtle\">\n\t\t\t\t<div class=\"tb-image-part\">\n\t\t\t\t\t<img src='https:\/\/morn.travelblox.eu\/wp-content\/uploads\/sites\/77\/2025\/08\/9-768x768.jpg' width='768' height='768' style='object-position:50% 50%' loading='lazy' image_size='medium_large'>\t\t\t\t<\/div>\n\t\t\t\t<div class=\"tb-card-content text-part\">\n\t\t\t\t\t<h5>\t\t\t\t<i class=\"icon fa-solid fa-map-location-dot\" aria-hidden=\"true\"><\/i>\n\t\t\t Eine sorgf\u00e4ltig organisierte Route<\/h5>\n\t\t\t\t\t\t\t<div class=\"translation-block\"><p>Wir k\u00fcmmern uns um alles \u2013 vor deiner Reise und direkt vor Ort in Marokko: Logistik, Reiseverlauf, Campingausr\u00fcstung, Unterk\u00fcnfte und sogar zus\u00e4tzliche Optionen wie Aktivit\u00e4ten. So musst du dich w\u00e4hrend deiner Rundreise um nichts k\u00fcmmern.<\/p><\/div>\n\t\t\t\t\t\t<div class=\"tb-buttons-part\">\n\t\t\t\t\t\t\t\t\t\t\t<\/div>\n\t\t\t\t<\/div>\n\t\t\t<\/div>\n\t\t\t\t\t<div class=\"tb-card entry tb-fade-in tb-fade-in--subtle\">\n\t\t\t\t<div class=\"tb-image-part\">\n\t\t\t\t\t<img src='https:\/\/morn.travelblox.eu\/wp-content\/uploads\/sites\/77\/2025\/08\/10-768x768.jpg' width='768' height='768' style='object-position:50% 50%' loading='lazy' image_size='medium_large'>\t\t\t\t<\/div>\n\t\t\t\t<div class=\"tb-card-content text-part\">\n\t\t\t\t\t<h5>\t\t\t\t<i class=\"icon fa-solid fa-euro-sign\" aria-hidden=\"true\"><\/i>\n\t\t\t Ein ausgezeichnetes Preis-Leistungs-Verh\u00e4ltnis<\/h5>\n\t\t\t\t\t\t\t<div class=\"translation-block\"><p>Das Abenteuer ist f\u00fcr alle zug\u00e4nglich! Wir sorgen daf\u00fcr, dass die Kosten niedrig bleiben, indem wir alle unsere Reisen selbst von A bis Z entwickeln. So garantieren wir ein authentisches Erlebnis ohne versteckte Kosten.<\/p><\/div>\n\t\t\t\t\t\t<div class=\"tb-buttons-part\">\n\t\t\t\t\t\t\t\t\t\t\t<\/div>\n\t\t\t\t<\/div>\n\t\t\t<\/div>\n\t\t\t\t\t<div class=\"tb-card entry tb-fade-in tb-fade-in--subtle\">\n\t\t\t\t<div class=\"tb-image-part\">\n\t\t\t\t\t<img src='https:\/\/morn.travelblox.eu\/wp-content\/uploads\/sites\/77\/2025\/08\/11-768x768.jpg' width='768' height='768' style='object-position:50% 50%' loading='lazy' image_size='medium_large'>\t\t\t\t<\/div>\n\t\t\t\t<div class=\"tb-card-content text-part\">\n\t\t\t\t\t<h5>\t\t\t\t<i class=\"icon fa-solid fa-leaf\" aria-hidden=\"true\"><\/i>\n\t\t\t Ein verantwortungsbewusster Tourismus<\/h5>\n\t\t\t\t\t\t\t<div class=\"translation-block\"><p>Mit Morocco Nomads zu reisen bedeutet auch, verantwortungsbewusst zu reisen. Wir setzen uns f\u00fcr nachhaltige Entwicklung ein und arbeiten mit den lokalen Gemeinschaften zusammen. <a href=\"https:\/\/butterfly-foundation.org\/de\/?_gl=1*qy7l95*_up*MQ..*_ga*MTA3MjU1NzI0My4xNzYzMzg4MTE1*_ga_MNM1Z0RZ2L*czE3NjMzODgxMTQkbzEkZzAkdDE3NjMzODgxMTQkajYwJGwwJGgxMjg2OTI5Njc2\" target=\"_blank\"><strong>Entdecke all unsere Initiativen.<\/strong><\/a><\/p><\/div>\n\t\t\t\t\t\t<div class=\"tb-buttons-part\">\n\t\t\t\t\t\t\t\t\t\t\t<\/div>\n\t\t\t\t<\/div>\n\t\t\t<\/div>\n\t\t\t\t\t<div class=\"tb-card entry tb-fade-in tb-fade-in--subtle\">\n\t\t\t\t<div class=\"tb-image-part\">\n\t\t\t\t\t<img src='https:\/\/morn.travelblox.eu\/wp-content\/uploads\/sites\/77\/2025\/08\/12-768x768.jpg' width='768' height='768' style='object-position:50% 50%' loading='lazy' image_size='medium_large'>\t\t\t\t<\/div>\n\t\t\t\t<div class=\"tb-card-content text-part\">\n\t\t\t\t\t<h5>\t\t\t\t<i class=\"icon fa-solid fa-phone\" aria-hidden=\"true\"><\/i>\n\t\t\t Ein Team vor Ort 100% verf\u00fcgbar<\/h5>\n\t\t\t\t\t\t\t<div class=\"translation-block\"><p>Wir organisieren dir einen unvergesslichen und stressfreien Roadtrip. Unser Team vor Ort steht dir jederzeit zur Verf\u00fcgung, um dir zu helfen und dir Tipps zu geben, damit dein Abenteuer ganz reibungslos verl\u00e4uft. Du reist also v\u00f6llig unabh\u00e4ngig \u2013 mit Unterst\u00fctzung in greifbarer N\u00e4he, falls du sie brauchst.<\/p><\/div>\n\t\t\t\t\t\t<div class=\"tb-buttons-part\">\n\t\t\t\t\t\t\t\t\t\t\t<\/div>\n\t\t\t\t<\/div>\n\t\t\t<\/div>\n\t\t\t\t\t\t\t\t<\/div>\n\t\t\t\t\t\t<div class=\"tb-carousel-nav\">\n\t\t\t<div class=\"dots\">\n\t\t\t\t<div class=\"dot active\"><\/div>\n\t\t\t\t<div class=\"dot\"><\/div>\n\t\t\t\t<div class=\"dot\"><\/div>\n\t\t\t<\/div>\n\t\t\t<div class=\"arrows\">\n\t\t\t\t<div class=\"prev disabled\">\n\t\t\t\t\t<span><i class=\"fa fa-chevron-left\"><\/i><\/span>\n\t\t\t\t<\/div>\n\t\t\t\t<div class=\"next\">\n\t\t\t\t\t<span><i class=\"fa fa-chevron-right\"><\/i><\/span>\n\t\t\t\t<\/div>\n\t\t\t<\/div>\n\t\t<\/div>\n\t\t\t\t<\/div>\n\t\t<\/div>\n\t\t\t<\/div>\n\n\n\n<div class=\"tb-blog tb-block align-center background-light pattern-none variant-none tb-collapsible-margins\" id=\"blog\">\n    <div class=\"inner-block tb-fade-in tb-fade-in--subtle\">\n        <div class=\"text-part\">\n            <h2>Tipps und Tricks vom Team<\/h2>\n                    <\/div>\n    <\/div>\n    <div class=\"tb-sections tb-fade-in tb-fade-in--subtle\">\n                    \t\t<div class=\"inner-block-full-width has-tb-carousel\" >\n\t\t\t<div class=\"tb-carousel-container\">\n\t\t\t\t<div class=\"entries tb-cards\" data-slider-first=\"1\">\n\t\t\t\t                                                <a class=\"tb-card entry\" href=\"https:\/\/morn.travelblox.eu\/de\/die-5-besten-restaurants-in-marrakesch-kulinarische-highlights-fur-deinen-marokko-roadtrip\/\"  >\n                                                            <div class=\"tb-image-part\">\n                                                                            <div class=\"tag\" data-no-translation>\n                                                                                                                                                Highlights                                                                                                                                    <\/div>\n                                                                                                                <img src='https:\/\/morn.travelblox.eu\/wp-content\/uploads\/sites\/77\/2025\/04\/calin-stan-7a_PHX91su8-unsplash-4-768x482.jpg' width='768' height='482' loading='lazy' image_size='medium_large'>                                                                    <\/div>\n                                                        <div class=\"tb-card-bottom\">\n                                                                <h4 class=\"tb-card-bottom__title\">Die 5 besten Restaurants in Marrakesch: Kulinarische Highlights f\u00fcr deinen Marokko Urlaub<\/h4>\n                                                                    <div class=\"tb-card-bottom__content\">\n                                        <div class=\"tb-card__author\"><small>Malou von Morocco Nomads<\/small><\/div>\n                                    <\/div>\n                                                                                            <\/div>\n                        <\/a>\n                                        <a class=\"tb-card entry\" href=\"https:\/\/morn.travelblox.eu\/de\/surfen-in-marokko-die-besten-spots-tipps\/\"  >\n                                                            <div class=\"tb-image-part\">\n                                                                            <div class=\"tag\" data-no-translation>\n                                                                                                                                                Praktische Tipps                                                                                                                                    <\/div>\n                                                                                                                <img src='https:\/\/morn.travelblox.eu\/wp-content\/uploads\/sites\/77\/2025\/07\/MORN_BlogSurf-768x512.jpg' width='768' height='512' alt='Surfen in Marokko' loading='lazy' image_size='medium_large'>                                                                    <\/div>\n                                                        <div class=\"tb-card-bottom\">\n                                                                <h4 class=\"tb-card-bottom__title\">Top 3 Surfspots in Marokko: Tipps f\u00fcr jedes Niveau<\/h4>\n                                                                    <div class=\"tb-card-bottom__content\">\n                                        <div class=\"tb-card__author\"><small>Malou von Morocco Nomads<\/small><\/div>\n                                    <\/div>\n                                                                                            <\/div>\n                        <\/a>\n                                                                    \t\t\t\t<\/div>\n\t\t\t\t\t\t<div class=\"tb-carousel-nav\">\n\t\t\t<div class=\"dots\">\n\t\t\t\t<div class=\"dot active\"><\/div>\n\t\t\t\t<div class=\"dot\"><\/div>\n\t\t\t\t<div class=\"dot\"><\/div>\n\t\t\t<\/div>\n\t\t\t<div class=\"arrows\">\n\t\t\t\t<div class=\"prev disabled\">\n\t\t\t\t\t<span><i class=\"fa fa-chevron-left\"><\/i><\/span>\n\t\t\t\t<\/div>\n\t\t\t\t<div class=\"next\">\n\t\t\t\t\t<span><i class=\"fa fa-chevron-right\"><\/i><\/span>\n\t\t\t\t<\/div>\n\t\t\t<\/div>\n\t\t<\/div>\n\t\t\t\t<\/div>\n\t\t<\/div>\n\t                    <\/div>\n            <div class=\"inner-block tb-buttons-part tb-fade-in tb-fade-in--subtle\">\n            \t\t<a href=\"https:\/\/morn.travelblox.eu\/de\/blog\/\" target=\"_blank\" class=\"tb-text-with-icon tb-buttonlink\">\n\t\t\t\t\t\t\t<span>Alle Blogs anzeigen<\/span>\n\t\t\t\t\t<i class=\"icon fa-solid fa-arrow-right fa-fw\" aria-hidden=\"true\"><\/i>\n\t\t\t\t\t<\/a>\n\t        <\/div>\n    <\/div>","protected":false},"excerpt":{"rendered":"","protected":false},"author":27,"featured_media":1620,"parent":0,"menu_order":0,"comment_status":"closed","ping_status":"closed","template":"","meta":{"_acf_changed":false,"inline_featured_image":false,"footnotes":""},"class_list":["post-1619","page","type-page","status-publish","has-post-thumbnail","hentry"],"acf":{"page_package_ids":"","is_main_package_page":false,"additional_linked_packages":[],"feed_page_to_atlas":false},"_links":{"self":[{"href":"https:\/\/morn.travelblox.eu\/de\/wp-json\/wp\/v2\/pages\/1619","targetHints":{"allow":["GET"]}}],"collection":[{"href":"https:\/\/morn.travelblox.eu\/de\/wp-json\/wp\/v2\/pages"}],"about":[{"href":"https:\/\/morn.travelblox.eu\/de\/wp-json\/wp\/v2\/types\/page"}],"author":[{"embeddable":true,"href":"https:\/\/morn.travelblox.eu\/de\/wp-json\/wp\/v2\/users\/27"}],"replies":[{"embeddable":true,"href":"https:\/\/morn.travelblox.eu\/de\/wp-json\/wp\/v2\/comments?post=1619"}],"version-history":[{"count":17,"href":"https:\/\/morn.travelblox.eu\/de\/wp-json\/wp\/v2\/pages\/1619\/revisions"}],"predecessor-version":[{"id":1865,"href":"https:\/\/morn.travelblox.eu\/de\/wp-json\/wp\/v2\/pages\/1619\/revisions\/1865"}],"wp:featuredmedia":[{"embeddable":true,"href":"https:\/\/morn.travelblox.eu\/de\/wp-json\/wp\/v2\/media\/1620"}],"wp:attachment":[{"href":"https:\/\/morn.travelblox.eu\/de\/wp-json\/wp\/v2\/media?parent=1619"}],"curies":[{"name":"wp","href":"https:\/\/api.w.org\/{rel}","templated":true}]}}