{"id":1619,"date":"2025-08-28T13:08:37","date_gmt":"2025-08-28T13:08:37","guid":{"rendered":"https:\/\/morn.travelblox.eu\/?page_id=1619"},"modified":"2026-02-13T10:09:44","modified_gmt":"2026-02-13T10:09:44","slug":"about-us","status":"publish","type":"page","link":"https:\/\/morn.travelblox.eu\/fr\/about-us\/","title":{"rendered":"About us"},"content":{"rendered":"\n<div class=\" tb-quoteparallax tb-block align-center background-dark pattern-none variant-text_on_image\" id=\"quoteparallax\" style=\"background-image: url('https:\/\/morn.travelblox.eu\/wp-content\/uploads\/sites\/77\/2025\/08\/MORN_AboutUsHeader.jpg');\">\n\t\t<div class=\"inner-block tb-fade-in tb-fade-in--subtle\">\n\t\t\t\t\t<div class=\"text-part\">\n\t\t\t\t<h2><\/h2>\n\t\t\t\t\t\t<div class=\"translation-block\"><p>Morocco Nomads est une aventure de 7 jours soigneusement \u00e9labor\u00e9e par <strong>une \u00e9quipe de voyageurs, d&rsquo;aventuriers et de locaux passionn\u00e9s<\/strong> qui ont tous une chose en commun : un amour ind\u00e9niable pour le Maroc. Nous avons mis en commun notre exp\u00e9rience pour cr\u00e9er l&rsquo;itin\u00e9raire parfait pour vous. Des incontournables aux joyaux cach\u00e9s, en passant par tout ce qui se trouve entre les deux, nous connaissons la destination sur le bout des doigts et nous nous ferons un plaisir de vous emmener l&rsquo;explorer&#8230;<\/p><\/div>\n\t\t\t\t\t\t\t\t<\/div>\n\t\t\t\t\t<\/div>\n<\/div>\n\n\n\n<div class=\" tb-team tb-block align-center background-light pattern-none variant-none tb-collapsible-margins\" id=\"team\">\n\t<div class=\"inner-block tb-fade-in tb-fade-in--subtle\">\n\t\t<div class=\"text-part\">\n\t\t\t<h2>Rencontrez l&rsquo;\u00e9quipe Morocco Nomads<\/h2>\n\t\t\t\t\t<div class=\"translation-block\"><p>Curieux\u00b7ses de d\u00e9couvrir les visages derri\u00e8re l\u2019\u00e9quipe des Morocco Nomads ? Apprenez-en plus sur chacun de nos experts en voyage.<\/p><\/div>\n\t\t\t<\/div>\n\t<\/div>\n\t\t\t\t\t<div class=\"inner-block-full-width has-tb-carousel \" >\n\t\t\t<div class=\"tb-carousel-container\">\n\t\t\t\t<div class=\"entries tb-cards\" data-slider-first=\"1\">\n\t\t\t\t\t\t\t\t\t<div class=\"tb-card entry\" style=\"background-image: url('https:\/\/morn.travelblox.eu\/wp-content\/uploads\/sites\/77\/2025\/08\/MORN-Sam-819x1024.jpg')\">\n\t\t\t\t<label for=\"tb-team-read-more-block_s77__p1619__team-0\" class=\"tb-team__card-label\">\n\t\t\t\t\t<div class=\"overlay\"><\/div>\n\t\t\t\t\t<div class=\"overlay overlay--extra\"><\/div>\n\t\t\t\t\t<div class=\"content\">\n\t\t\t\t\t\t<div class=\"tb-team__card-titles\">\n\t\t\t\t\t\t\t<h3>Sam<\/h3>\n\t\t\t\t\t\t\t\t\t\t\t\t\t\t\t<p>responsable de l&rsquo;organisation pratique<\/p>\n\t\t\t\t\t\t\t\t\t\t\t\t\t<\/div>\n\t\t\t\t\t\t\t\t\t\t\t<\/div>\n\t\t\t\t\t<input type=\"checkbox\" class=\"tb-team__card-checkbox\" id=\"tb-team-read-more-block_s77__p1619__team-0\">\n\t\t\t\t<\/label>\n\t\t\t<\/div>\n\t\t\t\t\t<div class=\"tb-card entry\" style=\"background-image: url('https:\/\/morn.travelblox.eu\/wp-content\/uploads\/sites\/77\/2025\/08\/MORN-Clara-819x1024.jpg')\">\n\t\t\t\t<label for=\"tb-team-read-more-block_s77__p1619__team-1\" class=\"tb-team__card-label\">\n\t\t\t\t\t<div class=\"overlay\"><\/div>\n\t\t\t\t\t<div class=\"overlay overlay--extra\"><\/div>\n\t\t\t\t\t<div class=\"content\">\n\t\t\t\t\t\t<div class=\"tb-team__card-titles\">\n\t\t\t\t\t\t\t<h3>Clara<\/h3>\n\t\t\t\t\t\t\t\t\t\t\t\t\t\t\t<p>l\u00e0 pour r\u00e9pondre \u00e0 toutes vos questions<\/p>\n\t\t\t\t\t\t\t\t\t\t\t\t\t<\/div>\n\t\t\t\t\t\t\t\t\t\t\t<\/div>\n\t\t\t\t\t<input type=\"checkbox\" class=\"tb-team__card-checkbox\" id=\"tb-team-read-more-block_s77__p1619__team-1\">\n\t\t\t\t<\/label>\n\t\t\t<\/div>\n\t\t\t\t\t<div class=\"tb-card entry\" style=\"background-image: url('https:\/\/morn.travelblox.eu\/wp-content\/uploads\/sites\/77\/2025\/08\/MORN-Caro-819x1024.jpg')\">\n\t\t\t\t<label for=\"tb-team-read-more-block_s77__p1619__team-2\" class=\"tb-team__card-label\">\n\t\t\t\t\t<div class=\"overlay\"><\/div>\n\t\t\t\t\t<div class=\"overlay overlay--extra\"><\/div>\n\t\t\t\t\t<div class=\"content\">\n\t\t\t\t\t\t<div class=\"tb-team__card-titles\">\n\t\t\t\t\t\t\t<h3>Caroline<\/h3>\n\t\t\t\t\t\t\t\t\t\t\t\t\t\t\t<p>l\u00e0 pour r\u00e9pondre \u00e0 toutes vos questions<\/p>\n\t\t\t\t\t\t\t\t\t\t\t\t\t<\/div>\n\t\t\t\t\t\t\t\t\t\t\t<\/div>\n\t\t\t\t\t<input type=\"checkbox\" class=\"tb-team__card-checkbox\" id=\"tb-team-read-more-block_s77__p1619__team-2\">\n\t\t\t\t<\/label>\n\t\t\t<\/div>\n\t\t\t\t\t<div class=\"tb-card entry\" style=\"background-image: url('https:\/\/morn.travelblox.eu\/wp-content\/uploads\/sites\/77\/2025\/08\/MORN-Malou-819x1024.jpg')\">\n\t\t\t\t<label for=\"tb-team-read-more-block_s77__p1619__team-3\" class=\"tb-team__card-label\">\n\t\t\t\t\t<div class=\"overlay\"><\/div>\n\t\t\t\t\t<div class=\"overlay overlay--extra\"><\/div>\n\t\t\t\t\t<div class=\"content\">\n\t\t\t\t\t\t<div class=\"tb-team__card-titles\">\n\t\t\t\t\t\t\t<h3>Malou<\/h3>\n\t\t\t\t\t\t\t\t\t\t\t\t\t\t\t<p>s&rsquo;occupe de la communication<\/p>\n\t\t\t\t\t\t\t\t\t\t\t\t\t<\/div>\n\t\t\t\t\t\t\t\t\t\t\t<\/div>\n\t\t\t\t\t<input type=\"checkbox\" class=\"tb-team__card-checkbox\" id=\"tb-team-read-more-block_s77__p1619__team-3\">\n\t\t\t\t<\/label>\n\t\t\t<\/div>\n\t\t\t\t\t<div class=\"tb-card entry\" style=\"background-image: url('https:\/\/morn.travelblox.eu\/wp-content\/uploads\/sites\/77\/2025\/11\/TeamPicsTBWebsite-2-819x1024.jpg')\">\n\t\t\t\t<label for=\"tb-team-read-more-block_s77__p1619__team-4\" class=\"tb-team__card-label\">\n\t\t\t\t\t<div class=\"overlay\"><\/div>\n\t\t\t\t\t<div class=\"overlay overlay--extra\"><\/div>\n\t\t\t\t\t<div class=\"content\">\n\t\t\t\t\t\t<div class=\"tb-team__card-titles\">\n\t\t\t\t\t\t\t<h3>Lara<\/h3>\n\t\t\t\t\t\t\t\t\t\t\t\t\t\t\t<p>l\u00e0 pour r\u00e9pondre \u00e0 toutes vos questions<\/p>\n\t\t\t\t\t\t\t\t\t\t\t\t\t<\/div>\n\t\t\t\t\t\t\t\t\t\t\t<\/div>\n\t\t\t\t\t<input type=\"checkbox\" class=\"tb-team__card-checkbox\" id=\"tb-team-read-more-block_s77__p1619__team-4\">\n\t\t\t\t<\/label>\n\t\t\t<\/div>\n\t\t\t\t\t\t\t\t<\/div>\n\t\t\t\t\t\t<div class=\"tb-carousel-nav\">\n\t\t\t<div class=\"dots\">\n\t\t\t\t<div class=\"dot active\"><\/div>\n\t\t\t\t<div class=\"dot\"><\/div>\n\t\t\t\t<div class=\"dot\"><\/div>\n\t\t\t<\/div>\n\t\t\t<div class=\"arrows\">\n\t\t\t\t<div class=\"prev disabled\">\n\t\t\t\t\t<span><i class=\"fa fa-chevron-left\"><\/i><\/span>\n\t\t\t\t<\/div>\n\t\t\t\t<div class=\"next\">\n\t\t\t\t\t<span><i class=\"fa fa-chevron-right\"><\/i><\/span>\n\t\t\t\t<\/div>\n\t\t\t<\/div>\n\t\t<\/div>\n\t\t\t\t<\/div>\n\t\t<\/div>\n\t\t\t\t\t<div class=\"tb-team__extra inner-block tb-fade-in tb-fade-in--subtle\">\n\t\t\t<div class=\"text-part\">\n\t\t\t\t<h3>Une question \u00e0 propos de votre voyage ?<\/h3>\n\t\t\t\t\t\t<div class=\"translation-block\"><p>N&rsquo;h\u00e9sitez pas \u00e0 nous <a href=\"https:\/\/morn.travelblox.eu\/contact\/\" target=\"_blank\" rel=\"noopener\">contacter<\/a>, nous serons ravis de vous aider.<\/p><\/div>\n\t\t\t\t\t<div class=\"tb-buttons-part\">\n\t\t\t\t\t\t\t\t\t<\/div>\n\t\t\t<\/div>\n\t\t<\/div>\n\t<\/div>\n\n\n<div class=\" tb-textimage2 tb-block align-left background-light pattern-none variant-text_first tb-collapsible-margins\" id=\"textimage2\">\n\t<div class=\"inner-block tb-fade-in\">\n\n\t\t\n\t\t<div class=\"tb-columns\">\n\t\t\t<div class=\"tb-column\">\n\t\t\t\t<div class=\"tb-text-part\">\n\t\t\t\t\t<h2>Sam vous d\u00e9voile ses endroits pr\u00e9f\u00e9r\u00e9s au Maroc<\/h2>\n\t\t\t\t\t\t\t<div class=\"translation-block\"><p>Envie de d\u00e9couvrir le Maroc par vous-m\u00eame ? Sam, notre responsable voyage passionn\u00e9, vous emm\u00e8ne \u00e0 travers ses endroits pr\u00e9f\u00e9r\u00e9s dans ce pays fascinant. Des paysages grandioses, des rencontres inoubliables et des conseils authentiques, <strong>laissez-vous inspirer pour votre prochaine aventure<\/strong> !<\/p>\n<p>Il vous parlera de son incontournable \u00e0 ne manquer sous aucun pr\u00e9texte, de son repas typique pr\u00e9f\u00e9r\u00e9, de son activit\u00e9 coup de c\u0153ur et de son h\u00f4tel pr\u00e9f\u00e9r\u00e9 pour passer la nuit.<\/p><\/div>\n\t\t\t\t\t\t\t\t\t\t\t<div class=\"tb-buttons-part\">\n\t\t\t\t\t\t\t\t\t\t\t\t\t\t\t\t\t<\/div>\n\t\t\t\t<\/div>\n\t\t\t<\/div>\n\t\t\t<div class=\"tb-column\">\n\t\t\t\t\t\t\t\t\t\t\t\t\t\t\t<div class=\"tb-image-part\">\n\t\t\t\t\t\t\t<img src='https:\/\/morn.travelblox.eu\/wp-content\/uploads\/sites\/77\/2025\/08\/MORN_ComingSoon-768x512.jpg' width='768' height='512' loading='lazy' image_size='medium_large'>\t\t\t\t\t\t<\/div>\n\t\t\t\t\t\t\t\t\t\t\t\t<\/div>\n\t\t<\/div>\n\t<\/div>\n<\/div>\n\n\n<div class=\" tb-colcompare tb-block align-center background-light pattern-none variant-cards tb-collapsible-margins\" id=\"colcompare\">\n\t<div class=\"inner-block tb-fade-in tb-fade-in--subtle\">\n\t\t<div class=\"text-part\">\n\t\t\t<h2>Pourquoi partir en road trip avec les Morocco Nomads ?<\/h2>\n\t\t\t\t\t<div class=\"translation-block\"><\/div>\n\t\t\t<\/div>\n\t<\/div>\n\t\t\t\t\t<div class=\"inner-block-full-width has-tb-carousel tb-justified\" >\n\t\t\t<div class=\"tb-carousel-container\">\n\t\t\t\t<div class=\"entries tb-cards\" data-slider-first=\"1\">\n\t\t\t\t\t\t\t\t\t<div class=\"tb-card entry tb-fade-in tb-fade-in--subtle\">\n\t\t\t\t<div class=\"tb-image-part\">\n\t\t\t\t\t<img src='https:\/\/morn.travelblox.eu\/wp-content\/uploads\/sites\/77\/2025\/08\/9-768x768.jpg' width='768' height='768' style='object-position:50% 50%' loading='lazy' image_size='medium_large'>\t\t\t\t<\/div>\n\t\t\t\t<div class=\"tb-card-content text-part\">\n\t\t\t\t\t<h5>\t\t\t\t<i class=\"icon fa-solid fa-map-location-dot \" aria-hidden=\"true\"><\/i>\n\t\t\t Un itin\u00e9raire soigneusement organis\u00e9<\/h5>\n\t\t\t\t\t\t\t<div class=\"translation-block\"><p>Nous nous occupons de tout, \u00e0 la fois en amont et sur place au Maroc : logistique, itin\u00e9raire, mat\u00e9riel de camping, h\u00e9bergements et m\u00eame des options suppl\u00e9mentaires comme les activit\u00e9s. Ainsi, vous n\u2019aurez \u00e0 vous soucier de rien pendant votre voyage.<\/p><\/div>\n\t\t\t\t\t\t<div class=\"tb-buttons-part\">\n\t\t\t\t\t\t\t\t\t\t\t<\/div>\n\t\t\t\t<\/div>\n\t\t\t<\/div>\n\t\t\t\t\t<div class=\"tb-card entry tb-fade-in tb-fade-in--subtle\">\n\t\t\t\t<div class=\"tb-image-part\">\n\t\t\t\t\t<img src='https:\/\/morn.travelblox.eu\/wp-content\/uploads\/sites\/77\/2025\/08\/10-768x768.jpg' width='768' height='768' style='object-position:50% 50%' loading='lazy' image_size='medium_large'>\t\t\t\t<\/div>\n\t\t\t\t<div class=\"tb-card-content text-part\">\n\t\t\t\t\t<h5>\t\t\t\t<i class=\"icon fa-solid fa-euro-sign \" aria-hidden=\"true\"><\/i>\n\t\t\t Un excellent rapport qualit\u00e9\/prix<\/h5>\n\t\t\t\t\t\t\t<div class=\"translation-block\"><p>L\u2019aventure est accessible \u00e0 tous ! Nous veillons \u00e0 maintenir les co\u00fbts bas en d\u00e9veloppant nous-m\u00eames l\u2019int\u00e9gralit\u00e9 de nos voyages, de A \u00e0 Z. Ainsi, nous garantissons une exp\u00e9rience authentique, sans frais cach\u00e9s.<\/p><\/div>\n\t\t\t\t\t\t<div class=\"tb-buttons-part\">\n\t\t\t\t\t\t\t\t\t\t\t<\/div>\n\t\t\t\t<\/div>\n\t\t\t<\/div>\n\t\t\t\t\t<div class=\"tb-card entry tb-fade-in tb-fade-in--subtle\">\n\t\t\t\t<div class=\"tb-image-part\">\n\t\t\t\t\t<img src='https:\/\/morn.travelblox.eu\/wp-content\/uploads\/sites\/77\/2025\/08\/11-768x768.jpg' width='768' height='768' style='object-position:50% 50%' loading='lazy' image_size='medium_large'>\t\t\t\t<\/div>\n\t\t\t\t<div class=\"tb-card-content text-part\">\n\t\t\t\t\t<h5>\t\t\t\t<i class=\"icon fa-solid fa-leaf \" aria-hidden=\"true\"><\/i>\n\t\t\t Un tourisme responsable<\/h5>\n\t\t\t\t\t\t\t<div class=\"translation-block\"><p>Voyager avec Morocco Nomads, c&rsquo;est aussi voyager de mani\u00e8re responsable. Nous nous engageons en faveur du d\u00e9veloppement durable et collaborons avec les communaut\u00e9s locales. <a href=\"https:\/\/butterfly-foundation.org\/fr\" target=\"_blank\" rel=\"noopener\"><strong>D\u00e9couvrez toutes nos initiatives.<\/strong><\/a><\/p><\/div>\n\t\t\t\t\t\t<div class=\"tb-buttons-part\">\n\t\t\t\t\t\t\t\t\t\t\t<\/div>\n\t\t\t\t<\/div>\n\t\t\t<\/div>\n\t\t\t\t\t<div class=\"tb-card entry tb-fade-in tb-fade-in--subtle\">\n\t\t\t\t<div class=\"tb-image-part\">\n\t\t\t\t\t<img src='https:\/\/morn.travelblox.eu\/wp-content\/uploads\/sites\/77\/2025\/08\/12-768x768.jpg' width='768' height='768' style='object-position:50% 50%' loading='lazy' image_size='medium_large'>\t\t\t\t<\/div>\n\t\t\t\t<div class=\"tb-card-content text-part\">\n\t\t\t\t\t<h5>\t\t\t\t<i class=\"icon fa-solid fa-phone \" aria-hidden=\"true\"><\/i>\n\t\t\t Une \u00e9quipe sur place 100% disponible<\/h5>\n\t\t\t\t\t\t\t<div class=\"translation-block\"><p>Nous vous organisons un road trip inoubliable et sans tracas. Notre \u00e9quipe sur place est toujours pr\u00eate \u00e0 vous aider et \u00e0 vous donner des conseils, pour que votre aventure se d\u00e9roule sans accroc. Vous voyagez donc en pleine autonomie, avec un soutien \u00e0 port\u00e9e de main si besoin.<\/p><\/div>\n\t\t\t\t\t\t<div class=\"tb-buttons-part\">\n\t\t\t\t\t\t\t\t\t\t\t<\/div>\n\t\t\t\t<\/div>\n\t\t\t<\/div>\n\t\t\t\t\t\t\t\t<\/div>\n\t\t\t\t\t\t<div class=\"tb-carousel-nav\">\n\t\t\t<div class=\"dots\">\n\t\t\t\t<div class=\"dot active\"><\/div>\n\t\t\t\t<div class=\"dot\"><\/div>\n\t\t\t\t<div class=\"dot\"><\/div>\n\t\t\t<\/div>\n\t\t\t<div class=\"arrows\">\n\t\t\t\t<div class=\"prev disabled\">\n\t\t\t\t\t<span><i class=\"fa fa-chevron-left\"><\/i><\/span>\n\t\t\t\t<\/div>\n\t\t\t\t<div class=\"next\">\n\t\t\t\t\t<span><i class=\"fa fa-chevron-right\"><\/i><\/span>\n\t\t\t\t<\/div>\n\t\t\t<\/div>\n\t\t<\/div>\n\t\t\t\t<\/div>\n\t\t<\/div>\n\t\t\t<\/div>\n\n\n\n<div class=\" tb-blog tb-block align-center background-light pattern-none variant-none tb-collapsible-margins\" id=\"blog\">\n    <div class=\"inner-block tb-fade-in tb-fade-in--subtle\">\n        <div class=\"text-part\">\n            <h2>Conseils et astuces de l&rsquo;\u00e9quipe<\/h2>\n                    <\/div>\n    <\/div>\n    <div class=\"tb-sections tb-fade-in tb-fade-in--subtle \">\n                    \t\t<div class=\"inner-block-full-width has-tb-carousel \" >\n\t\t\t<div class=\"tb-carousel-container\">\n\t\t\t\t<div class=\"entries tb-cards\" data-slider-first=\"1\">\n\t\t\t\t                                                <a class=\"tb-card entry \" href=\"https:\/\/morn.travelblox.eu\/fr\/nos-bonnes-adresses-culinaires-les-5-meilleurs-restaurants-a-marrakech\/\"  >\n                                                            <div class=\"tb-image-part\">\n                                                                            <div class=\"tag\" data-no-translation>\n                                                                                                                                                Incontournables                                                                                                                                    <\/div>\n                                                                                                                <img src='https:\/\/morn.travelblox.eu\/wp-content\/uploads\/sites\/77\/2025\/04\/calin-stan-7a_PHX91su8-unsplash-4-768x482.jpg' width='768' height='482' loading='lazy' image_size='medium_large'>                                                                    <\/div>\n                                                        <div class=\"tb-card-bottom\">\n                                                                <h4 class=\"tb-card-bottom__title\">Nos bonnes adresses culinaires : Les 5 meilleurs restaurants \u00e0 Marrakech<\/h4>\n                                                                    <div class=\"tb-card-bottom__content\">\n                                        <div class=\"tb-card__author\"><small>par Malou des Morocco Nomads<\/small><\/div>\n                                    <\/div>\n                                                                                            <\/div>\n                        <\/a>\n                                        <a class=\"tb-card entry \" href=\"https:\/\/morn.travelblox.eu\/fr\/surfer-au-maroc-les-meilleurs-spots-nos-conseils\/\"  >\n                                                            <div class=\"tb-image-part\">\n                                                                            <div class=\"tag\" data-no-translation>\n                                                                                                                                                Conseils et astuces                                                                                                                                    <\/div>\n                                                                                                                <img src='https:\/\/morn.travelblox.eu\/wp-content\/uploads\/sites\/77\/2025\/07\/MORN_BlogSurf-768x512.jpg' width='768' height='512' alt='Surfer au Maroc' loading='lazy' image_size='medium_large'>                                                                    <\/div>\n                                                        <div class=\"tb-card-bottom\">\n                                                                <h4 class=\"tb-card-bottom__title\">Surfer au Maroc : les meilleurs spots + nos conseils<\/h4>\n                                                                    <div class=\"tb-card-bottom__content\">\n                                        <div class=\"tb-card__author\"><small>par Malou des Morocco Nomads<\/small><\/div>\n                                    <\/div>\n                                                                                            <\/div>\n                        <\/a>\n                                                                    \t\t\t\t<\/div>\n\t\t\t\t\t\t<div class=\"tb-carousel-nav\">\n\t\t\t<div class=\"dots\">\n\t\t\t\t<div class=\"dot active\"><\/div>\n\t\t\t\t<div class=\"dot\"><\/div>\n\t\t\t\t<div class=\"dot\"><\/div>\n\t\t\t<\/div>\n\t\t\t<div class=\"arrows\">\n\t\t\t\t<div class=\"prev disabled\">\n\t\t\t\t\t<span><i class=\"fa fa-chevron-left\"><\/i><\/span>\n\t\t\t\t<\/div>\n\t\t\t\t<div class=\"next\">\n\t\t\t\t\t<span><i class=\"fa fa-chevron-right\"><\/i><\/span>\n\t\t\t\t<\/div>\n\t\t\t<\/div>\n\t\t<\/div>\n\t\t\t\t<\/div>\n\t\t<\/div>\n\t                    <\/div>\n            <div class=\"inner-block tb-buttons-part tb-fade-in tb-fade-in--subtle\">\n            \t\t<a href=\"https:\/\/morn.travelblox.eu\/blog\/\" target=\"_blank\" class=\"tb-text-with-icon tb-buttonlink\">\n\t\t\t\t\t\t\t<span>Voir tous les blogs<\/span>\n\t\t\t\t\t<i class=\"icon fa-solid fa-arrow-right fa-fw \" aria-hidden=\"true\"><\/i>\n\t\t\t\t\t<\/a>\n\t        <\/div>\n    <\/div>","protected":false},"excerpt":{"rendered":"","protected":false},"author":27,"featured_media":1620,"parent":0,"menu_order":0,"comment_status":"closed","ping_status":"closed","template":"","meta":{"_acf_changed":false,"inline_featured_image":false,"footnotes":""},"class_list":["post-1619","page","type-page","status-publish","has-post-thumbnail","hentry"],"acf":{"page_package_ids":"","is_main_package_page":false,"additional_linked_packages":[],"feed_page_to_atlas":false},"_links":{"self":[{"href":"https:\/\/morn.travelblox.eu\/fr\/wp-json\/wp\/v2\/pages\/1619","targetHints":{"allow":["GET"]}}],"collection":[{"href":"https:\/\/morn.travelblox.eu\/fr\/wp-json\/wp\/v2\/pages"}],"about":[{"href":"https:\/\/morn.travelblox.eu\/fr\/wp-json\/wp\/v2\/types\/page"}],"author":[{"embeddable":true,"href":"https:\/\/morn.travelblox.eu\/fr\/wp-json\/wp\/v2\/users\/27"}],"replies":[{"embeddable":true,"href":"https:\/\/morn.travelblox.eu\/fr\/wp-json\/wp\/v2\/comments?post=1619"}],"version-history":[{"count":17,"href":"https:\/\/morn.travelblox.eu\/fr\/wp-json\/wp\/v2\/pages\/1619\/revisions"}],"predecessor-version":[{"id":1865,"href":"https:\/\/morn.travelblox.eu\/fr\/wp-json\/wp\/v2\/pages\/1619\/revisions\/1865"}],"wp:featuredmedia":[{"embeddable":true,"href":"https:\/\/morn.travelblox.eu\/fr\/wp-json\/wp\/v2\/media\/1620"}],"wp:attachment":[{"href":"https:\/\/morn.travelblox.eu\/fr\/wp-json\/wp\/v2\/media?parent=1619"}],"curies":[{"name":"wp","href":"https:\/\/api.w.org\/{rel}","templated":true}]}}